{"id":18597,"date":"2025-02-09T10:44:51","date_gmt":"2025-02-09T08:44:51","guid":{"rendered":"https:\/\/frankevents.ee\/kes-on-frank-2025\/"},"modified":"2025-02-10T22:25:45","modified_gmt":"2025-02-10T20:25:45","slug":"who-is-frank","status":"publish","type":"page","link":"https:\/\/frankevents.ee\/en\/who-is-frank\/","title":{"rendered":"Who is Frank?"},"content":{"rendered":"","protected":false},"excerpt":{"rendered":"<p><a class=\"readmore\" href=\"https:\/\/frankevents.ee\/en\/who-is-frank\/\">Read more<\/a><\/p>\n","protected":false},"author":1,"featured_media":0,"parent":0,"menu_order":1,"comment_status":"closed","ping_status":"closed","template":"page-kesonfrank-en.php","meta":{"_acf_changed":false,"footnotes":""},"class_list":["post-18597","page","type-page","status-publish","hentry"],"acf":[],"yoast_head":"<!-- This site is optimized with the Yoast SEO plugin v27.5 - https:\/\/yoast.com\/product\/yoast-seo-wordpress\/ -->\n<title>Who is Frank? - Frank Events<\/title>\n<meta name=\"description\" content=\"Tutvu Frank Events teenustega: \u00fcritusturundus, s\u00fcndmuste korraldus ja strateegilised lahendused ettev\u00f5tetele.\" \/>\n<meta name=\"robots\" content=\"index, follow, max-snippet:-1, max-image-preview:large, max-video-preview:-1\" \/>\n<link rel=\"canonical\" href=\"https:\/\/frankevents.ee\/en\/who-is-frank\/\" \/>\n<meta property=\"og:locale\" content=\"en_US\" \/>\n<meta property=\"og:type\" content=\"article\" \/>\n<meta property=\"og:title\" content=\"Who is Frank? - Frank Events\" \/>\n<meta property=\"og:description\" content=\"Tutvu Frank Events teenustega: \u00fcritusturundus, s\u00fcndmuste korraldus ja strateegilised lahendused ettev\u00f5tetele.\" \/>\n<meta property=\"og:url\" content=\"https:\/\/frankevents.ee\/en\/who-is-frank\/\" \/>\n<meta property=\"og:site_name\" content=\"Frank Events\" \/>\n<meta property=\"article:publisher\" content=\"https:\/\/www.facebook.com\/frankevents.ee\" \/>\n<meta property=\"article:modified_time\" content=\"2025-02-10T20:25:45+00:00\" \/>\n<meta property=\"og:image\" content=\"https:\/\/frankevents.ee\/wp-content\/uploads\/20.00.23_10.Oct_RENELUTTERUSR3M_9172-scaled.jpg\" \/>\n\t<meta property=\"og:image:width\" content=\"2560\" \/>\n\t<meta property=\"og:image:height\" content=\"1707\" \/>\n\t<meta property=\"og:image:type\" content=\"image\/jpeg\" \/>\n<meta name=\"twitter:card\" content=\"summary_large_image\" \/>\n<script type=\"application\/ld+json\" class=\"yoast-schema-graph\">{\"@context\":\"https:\\\/\\\/schema.org\",\"@graph\":[{\"@type\":\"WebPage\",\"@id\":\"https:\\\/\\\/frankevents.ee\\\/en\\\/who-is-frank\\\/\",\"url\":\"https:\\\/\\\/frankevents.ee\\\/en\\\/who-is-frank\\\/\",\"name\":\"Who is Frank? - Frank Events\",\"isPartOf\":{\"@id\":\"https:\\\/\\\/frankevents.ee\\\/en\\\/#website\"},\"datePublished\":\"2025-02-09T08:44:51+00:00\",\"dateModified\":\"2025-02-10T20:25:45+00:00\",\"description\":\"Tutvu Frank Events teenustega: \u00fcritusturundus, s\u00fcndmuste korraldus ja strateegilised lahendused ettev\u00f5tetele.\",\"breadcrumb\":{\"@id\":\"https:\\\/\\\/frankevents.ee\\\/en\\\/who-is-frank\\\/#breadcrumb\"},\"inLanguage\":\"en-US\",\"potentialAction\":[{\"@type\":\"ReadAction\",\"target\":[\"https:\\\/\\\/frankevents.ee\\\/en\\\/who-is-frank\\\/\"]}]},{\"@type\":\"BreadcrumbList\",\"@id\":\"https:\\\/\\\/frankevents.ee\\\/en\\\/who-is-frank\\\/#breadcrumb\",\"itemListElement\":[{\"@type\":\"ListItem\",\"position\":1,\"name\":\"Home\",\"item\":\"https:\\\/\\\/frankevents.ee\\\/en\\\/\"},{\"@type\":\"ListItem\",\"position\":2,\"name\":\"Who is Frank?\"}]},{\"@type\":\"WebSite\",\"@id\":\"https:\\\/\\\/frankevents.ee\\\/en\\\/#website\",\"url\":\"https:\\\/\\\/frankevents.ee\\\/en\\\/\",\"name\":\"Frank Events\",\"description\":\"\u00dcritusturundusagentuur aastast 2007!\",\"publisher\":{\"@id\":\"https:\\\/\\\/frankevents.ee\\\/en\\\/#organization\"},\"potentialAction\":[{\"@type\":\"SearchAction\",\"target\":{\"@type\":\"EntryPoint\",\"urlTemplate\":\"https:\\\/\\\/frankevents.ee\\\/en\\\/?s={search_term_string}\"},\"query-input\":{\"@type\":\"PropertyValueSpecification\",\"valueRequired\":true,\"valueName\":\"search_term_string\"}}],\"inLanguage\":\"en-US\"},{\"@type\":\"Organization\",\"@id\":\"https:\\\/\\\/frankevents.ee\\\/en\\\/#organization\",\"name\":\"Frank Events\",\"url\":\"https:\\\/\\\/frankevents.ee\\\/en\\\/\",\"logo\":{\"@type\":\"ImageObject\",\"inLanguage\":\"en-US\",\"@id\":\"https:\\\/\\\/frankevents.ee\\\/en\\\/#\\\/schema\\\/logo\\\/image\\\/\",\"url\":\"https:\\\/\\\/frankevents.ee\\\/wp-content\\\/uploads\\\/Franki-logo-transparent.png\",\"contentUrl\":\"https:\\\/\\\/frankevents.ee\\\/wp-content\\\/uploads\\\/Franki-logo-transparent.png\",\"width\":500,\"height\":500,\"caption\":\"Frank Events\"},\"image\":{\"@id\":\"https:\\\/\\\/frankevents.ee\\\/en\\\/#\\\/schema\\\/logo\\\/image\\\/\"},\"sameAs\":[\"https:\\\/\\\/www.facebook.com\\\/frankevents.ee\",\"https:\\\/\\\/www.linkedin.com\\\/company\\\/frank-events\\\/\",\"https:\\\/\\\/www.instagram.com\\\/frankevents\"]}]}<\/script>\n<!-- \/ Yoast SEO plugin. -->","yoast_head_json":{"title":"Who is Frank? - Frank Events","description":"Tutvu Frank Events teenustega: \u00fcritusturundus, s\u00fcndmuste korraldus ja strateegilised lahendused ettev\u00f5tetele.","robots":{"index":"index","follow":"follow","max-snippet":"max-snippet:-1","max-image-preview":"max-image-preview:large","max-video-preview":"max-video-preview:-1"},"canonical":"https:\/\/frankevents.ee\/en\/who-is-frank\/","og_locale":"en_US","og_type":"article","og_title":"Who is Frank? - Frank Events","og_description":"Tutvu Frank Events teenustega: \u00fcritusturundus, s\u00fcndmuste korraldus ja strateegilised lahendused ettev\u00f5tetele.","og_url":"https:\/\/frankevents.ee\/en\/who-is-frank\/","og_site_name":"Frank Events","article_publisher":"https:\/\/www.facebook.com\/frankevents.ee","article_modified_time":"2025-02-10T20:25:45+00:00","og_image":[{"width":2560,"height":1707,"url":"https:\/\/frankevents.ee\/wp-content\/uploads\/20.00.23_10.Oct_RENELUTTERUSR3M_9172-scaled.jpg","type":"image\/jpeg"}],"twitter_card":"summary_large_image","schema":{"@context":"https:\/\/schema.org","@graph":[{"@type":"WebPage","@id":"https:\/\/frankevents.ee\/en\/who-is-frank\/","url":"https:\/\/frankevents.ee\/en\/who-is-frank\/","name":"Who is Frank? - Frank Events","isPartOf":{"@id":"https:\/\/frankevents.ee\/en\/#website"},"datePublished":"2025-02-09T08:44:51+00:00","dateModified":"2025-02-10T20:25:45+00:00","description":"Tutvu Frank Events teenustega: \u00fcritusturundus, s\u00fcndmuste korraldus ja strateegilised lahendused ettev\u00f5tetele.","breadcrumb":{"@id":"https:\/\/frankevents.ee\/en\/who-is-frank\/#breadcrumb"},"inLanguage":"en-US","potentialAction":[{"@type":"ReadAction","target":["https:\/\/frankevents.ee\/en\/who-is-frank\/"]}]},{"@type":"BreadcrumbList","@id":"https:\/\/frankevents.ee\/en\/who-is-frank\/#breadcrumb","itemListElement":[{"@type":"ListItem","position":1,"name":"Home","item":"https:\/\/frankevents.ee\/en\/"},{"@type":"ListItem","position":2,"name":"Who is Frank?"}]},{"@type":"WebSite","@id":"https:\/\/frankevents.ee\/en\/#website","url":"https:\/\/frankevents.ee\/en\/","name":"Frank Events","description":"\u00dcritusturundusagentuur aastast 2007!","publisher":{"@id":"https:\/\/frankevents.ee\/en\/#organization"},"potentialAction":[{"@type":"SearchAction","target":{"@type":"EntryPoint","urlTemplate":"https:\/\/frankevents.ee\/en\/?s={search_term_string}"},"query-input":{"@type":"PropertyValueSpecification","valueRequired":true,"valueName":"search_term_string"}}],"inLanguage":"en-US"},{"@type":"Organization","@id":"https:\/\/frankevents.ee\/en\/#organization","name":"Frank Events","url":"https:\/\/frankevents.ee\/en\/","logo":{"@type":"ImageObject","inLanguage":"en-US","@id":"https:\/\/frankevents.ee\/en\/#\/schema\/logo\/image\/","url":"https:\/\/frankevents.ee\/wp-content\/uploads\/Franki-logo-transparent.png","contentUrl":"https:\/\/frankevents.ee\/wp-content\/uploads\/Franki-logo-transparent.png","width":500,"height":500,"caption":"Frank Events"},"image":{"@id":"https:\/\/frankevents.ee\/en\/#\/schema\/logo\/image\/"},"sameAs":["https:\/\/www.facebook.com\/frankevents.ee","https:\/\/www.linkedin.com\/company\/frank-events\/","https:\/\/www.instagram.com\/frankevents"]}]}},"_links":{"self":[{"href":"https:\/\/frankevents.ee\/en\/wp-json\/wp\/v2\/pages\/18597","targetHints":{"allow":["GET"]}}],"collection":[{"href":"https:\/\/frankevents.ee\/en\/wp-json\/wp\/v2\/pages"}],"about":[{"href":"https:\/\/frankevents.ee\/en\/wp-json\/wp\/v2\/types\/page"}],"author":[{"embeddable":true,"href":"https:\/\/frankevents.ee\/en\/wp-json\/wp\/v2\/users\/1"}],"replies":[{"embeddable":true,"href":"https:\/\/frankevents.ee\/en\/wp-json\/wp\/v2\/comments?post=18597"}],"version-history":[{"count":3,"href":"https:\/\/frankevents.ee\/en\/wp-json\/wp\/v2\/pages\/18597\/revisions"}],"predecessor-version":[{"id":18600,"href":"https:\/\/frankevents.ee\/en\/wp-json\/wp\/v2\/pages\/18597\/revisions\/18600"}],"wp:attachment":[{"href":"https:\/\/frankevents.ee\/en\/wp-json\/wp\/v2\/media?parent=18597"}],"curies":[{"name":"wp","href":"https:\/\/api.w.org\/{rel}","templated":true}]}}