{"id":9251,"date":"2020-07-29T19:01:16","date_gmt":"2020-07-29T19:01:16","guid":{"rendered":"https:\/\/frankevents.ee\/meie-tootajad\/"},"modified":"2026-03-13T17:46:57","modified_gmt":"2026-03-13T15:46:57","slug":"our-team","status":"publish","type":"page","link":"https:\/\/frankevents.ee\/en\/our-team\/","title":{"rendered":"Our team"},"content":{"rendered":"","protected":false},"excerpt":{"rendered":"<p><a class=\"readmore\" href=\"https:\/\/frankevents.ee\/en\/our-team\/\">Read more<\/a><\/p>\n","protected":false},"author":1,"featured_media":18149,"parent":0,"menu_order":6,"comment_status":"closed","ping_status":"closed","template":"page-ourpeople.php","meta":{"_acf_changed":false,"footnotes":""},"class_list":["post-9251","page","type-page","status-publish","has-post-thumbnail","hentry"],"acf":[],"yoast_head":"<!-- This site is optimized with the Yoast SEO plugin v27.5 - https:\/\/yoast.com\/product\/yoast-seo-wordpress\/ -->\n<title>Our team - Frank Events<\/title>\n<meta name=\"description\" content=\"Tutvu Frank Events teenustega: \u00fcritusturundus, s\u00fcndmuste korraldus ja strateegilised lahendused ettev\u00f5tetele.\" \/>\n<meta name=\"robots\" content=\"index, follow, max-snippet:-1, max-image-preview:large, max-video-preview:-1\" \/>\n<link rel=\"canonical\" href=\"https:\/\/frankevents.ee\/en\/our-team\/\" \/>\n<meta property=\"og:locale\" content=\"en_US\" \/>\n<meta property=\"og:type\" content=\"article\" \/>\n<meta property=\"og:title\" content=\"Our team - Frank Events\" \/>\n<meta property=\"og:description\" content=\"Tutvu Frank Events teenustega: \u00fcritusturundus, s\u00fcndmuste korraldus ja strateegilised lahendused ettev\u00f5tetele.\" \/>\n<meta property=\"og:url\" content=\"https:\/\/frankevents.ee\/en\/our-team\/\" \/>\n<meta property=\"og:site_name\" content=\"Frank Events\" \/>\n<meta property=\"article:publisher\" content=\"https:\/\/www.facebook.com\/frankevents.ee\" \/>\n<meta property=\"article:modified_time\" content=\"2026-03-13T15:46:57+00:00\" \/>\n<meta property=\"og:image\" content=\"https:\/\/frankevents.ee\/wp-content\/uploads\/231011_Frank16_Erlend_Staub_20-1-scaled.jpg\" \/>\n\t<meta property=\"og:image:width\" content=\"2560\" \/>\n\t<meta property=\"og:image:height\" content=\"1707\" \/>\n\t<meta property=\"og:image:type\" content=\"image\/jpeg\" \/>\n<meta name=\"twitter:card\" content=\"summary_large_image\" \/>\n<meta name=\"twitter:label1\" content=\"Est. reading time\" \/>\n\t<meta name=\"twitter:data1\" content=\"1 minute\" \/>\n<script type=\"application\/ld+json\" class=\"yoast-schema-graph\">{\"@context\":\"https:\\\/\\\/schema.org\",\"@graph\":[{\"@type\":\"WebPage\",\"@id\":\"https:\\\/\\\/frankevents.ee\\\/en\\\/our-team\\\/\",\"url\":\"https:\\\/\\\/frankevents.ee\\\/en\\\/our-team\\\/\",\"name\":\"Our team - Frank Events\",\"isPartOf\":{\"@id\":\"https:\\\/\\\/frankevents.ee\\\/en\\\/#website\"},\"primaryImageOfPage\":{\"@id\":\"https:\\\/\\\/frankevents.ee\\\/en\\\/our-team\\\/#primaryimage\"},\"image\":{\"@id\":\"https:\\\/\\\/frankevents.ee\\\/en\\\/our-team\\\/#primaryimage\"},\"thumbnailUrl\":\"https:\\\/\\\/frankevents.ee\\\/wp-content\\\/uploads\\\/231011_Frank16_Erlend_Staub_20-1-scaled.jpg\",\"datePublished\":\"2020-07-29T19:01:16+00:00\",\"dateModified\":\"2026-03-13T15:46:57+00:00\",\"description\":\"Tutvu Frank Events teenustega: \u00fcritusturundus, s\u00fcndmuste korraldus ja strateegilised lahendused ettev\u00f5tetele.\",\"breadcrumb\":{\"@id\":\"https:\\\/\\\/frankevents.ee\\\/en\\\/our-team\\\/#breadcrumb\"},\"inLanguage\":\"en-US\",\"potentialAction\":[{\"@type\":\"ReadAction\",\"target\":[\"https:\\\/\\\/frankevents.ee\\\/en\\\/our-team\\\/\"]}]},{\"@type\":\"ImageObject\",\"inLanguage\":\"en-US\",\"@id\":\"https:\\\/\\\/frankevents.ee\\\/en\\\/our-team\\\/#primaryimage\",\"url\":\"https:\\\/\\\/frankevents.ee\\\/wp-content\\\/uploads\\\/231011_Frank16_Erlend_Staub_20-1-scaled.jpg\",\"contentUrl\":\"https:\\\/\\\/frankevents.ee\\\/wp-content\\\/uploads\\\/231011_Frank16_Erlend_Staub_20-1-scaled.jpg\",\"width\":2560,\"height\":1707,\"caption\":\"Frank Eventsi tiim ja Marjelen J\u00fcrimets\"},{\"@type\":\"BreadcrumbList\",\"@id\":\"https:\\\/\\\/frankevents.ee\\\/en\\\/our-team\\\/#breadcrumb\",\"itemListElement\":[{\"@type\":\"ListItem\",\"position\":1,\"name\":\"Home\",\"item\":\"https:\\\/\\\/frankevents.ee\\\/en\\\/\"},{\"@type\":\"ListItem\",\"position\":2,\"name\":\"Our team\"}]},{\"@type\":\"WebSite\",\"@id\":\"https:\\\/\\\/frankevents.ee\\\/en\\\/#website\",\"url\":\"https:\\\/\\\/frankevents.ee\\\/en\\\/\",\"name\":\"Frank Events\",\"description\":\"\u00dcritusturundusagentuur aastast 2007!\",\"publisher\":{\"@id\":\"https:\\\/\\\/frankevents.ee\\\/en\\\/#organization\"},\"potentialAction\":[{\"@type\":\"SearchAction\",\"target\":{\"@type\":\"EntryPoint\",\"urlTemplate\":\"https:\\\/\\\/frankevents.ee\\\/en\\\/?s={search_term_string}\"},\"query-input\":{\"@type\":\"PropertyValueSpecification\",\"valueRequired\":true,\"valueName\":\"search_term_string\"}}],\"inLanguage\":\"en-US\"},{\"@type\":\"Organization\",\"@id\":\"https:\\\/\\\/frankevents.ee\\\/en\\\/#organization\",\"name\":\"Frank Events\",\"url\":\"https:\\\/\\\/frankevents.ee\\\/en\\\/\",\"logo\":{\"@type\":\"ImageObject\",\"inLanguage\":\"en-US\",\"@id\":\"https:\\\/\\\/frankevents.ee\\\/en\\\/#\\\/schema\\\/logo\\\/image\\\/\",\"url\":\"https:\\\/\\\/frankevents.ee\\\/wp-content\\\/uploads\\\/Franki-logo-transparent.png\",\"contentUrl\":\"https:\\\/\\\/frankevents.ee\\\/wp-content\\\/uploads\\\/Franki-logo-transparent.png\",\"width\":500,\"height\":500,\"caption\":\"Frank Events\"},\"image\":{\"@id\":\"https:\\\/\\\/frankevents.ee\\\/en\\\/#\\\/schema\\\/logo\\\/image\\\/\"},\"sameAs\":[\"https:\\\/\\\/www.facebook.com\\\/frankevents.ee\",\"https:\\\/\\\/www.linkedin.com\\\/company\\\/frank-events\\\/\",\"https:\\\/\\\/www.instagram.com\\\/frankevents\"]}]}<\/script>\n<!-- \/ Yoast SEO plugin. -->","yoast_head_json":{"title":"Our team - Frank Events","description":"Tutvu Frank Events teenustega: \u00fcritusturundus, s\u00fcndmuste korraldus ja strateegilised lahendused ettev\u00f5tetele.","robots":{"index":"index","follow":"follow","max-snippet":"max-snippet:-1","max-image-preview":"max-image-preview:large","max-video-preview":"max-video-preview:-1"},"canonical":"https:\/\/frankevents.ee\/en\/our-team\/","og_locale":"en_US","og_type":"article","og_title":"Our team - Frank Events","og_description":"Tutvu Frank Events teenustega: \u00fcritusturundus, s\u00fcndmuste korraldus ja strateegilised lahendused ettev\u00f5tetele.","og_url":"https:\/\/frankevents.ee\/en\/our-team\/","og_site_name":"Frank Events","article_publisher":"https:\/\/www.facebook.com\/frankevents.ee","article_modified_time":"2026-03-13T15:46:57+00:00","og_image":[{"width":2560,"height":1707,"url":"https:\/\/frankevents.ee\/wp-content\/uploads\/231011_Frank16_Erlend_Staub_20-1-scaled.jpg","type":"image\/jpeg"}],"twitter_card":"summary_large_image","twitter_misc":{"Est. reading time":"1 minute"},"schema":{"@context":"https:\/\/schema.org","@graph":[{"@type":"WebPage","@id":"https:\/\/frankevents.ee\/en\/our-team\/","url":"https:\/\/frankevents.ee\/en\/our-team\/","name":"Our team - Frank Events","isPartOf":{"@id":"https:\/\/frankevents.ee\/en\/#website"},"primaryImageOfPage":{"@id":"https:\/\/frankevents.ee\/en\/our-team\/#primaryimage"},"image":{"@id":"https:\/\/frankevents.ee\/en\/our-team\/#primaryimage"},"thumbnailUrl":"https:\/\/frankevents.ee\/wp-content\/uploads\/231011_Frank16_Erlend_Staub_20-1-scaled.jpg","datePublished":"2020-07-29T19:01:16+00:00","dateModified":"2026-03-13T15:46:57+00:00","description":"Tutvu Frank Events teenustega: \u00fcritusturundus, s\u00fcndmuste korraldus ja strateegilised lahendused ettev\u00f5tetele.","breadcrumb":{"@id":"https:\/\/frankevents.ee\/en\/our-team\/#breadcrumb"},"inLanguage":"en-US","potentialAction":[{"@type":"ReadAction","target":["https:\/\/frankevents.ee\/en\/our-team\/"]}]},{"@type":"ImageObject","inLanguage":"en-US","@id":"https:\/\/frankevents.ee\/en\/our-team\/#primaryimage","url":"https:\/\/frankevents.ee\/wp-content\/uploads\/231011_Frank16_Erlend_Staub_20-1-scaled.jpg","contentUrl":"https:\/\/frankevents.ee\/wp-content\/uploads\/231011_Frank16_Erlend_Staub_20-1-scaled.jpg","width":2560,"height":1707,"caption":"Frank Eventsi tiim ja Marjelen J\u00fcrimets"},{"@type":"BreadcrumbList","@id":"https:\/\/frankevents.ee\/en\/our-team\/#breadcrumb","itemListElement":[{"@type":"ListItem","position":1,"name":"Home","item":"https:\/\/frankevents.ee\/en\/"},{"@type":"ListItem","position":2,"name":"Our team"}]},{"@type":"WebSite","@id":"https:\/\/frankevents.ee\/en\/#website","url":"https:\/\/frankevents.ee\/en\/","name":"Frank Events","description":"\u00dcritusturundusagentuur aastast 2007!","publisher":{"@id":"https:\/\/frankevents.ee\/en\/#organization"},"potentialAction":[{"@type":"SearchAction","target":{"@type":"EntryPoint","urlTemplate":"https:\/\/frankevents.ee\/en\/?s={search_term_string}"},"query-input":{"@type":"PropertyValueSpecification","valueRequired":true,"valueName":"search_term_string"}}],"inLanguage":"en-US"},{"@type":"Organization","@id":"https:\/\/frankevents.ee\/en\/#organization","name":"Frank Events","url":"https:\/\/frankevents.ee\/en\/","logo":{"@type":"ImageObject","inLanguage":"en-US","@id":"https:\/\/frankevents.ee\/en\/#\/schema\/logo\/image\/","url":"https:\/\/frankevents.ee\/wp-content\/uploads\/Franki-logo-transparent.png","contentUrl":"https:\/\/frankevents.ee\/wp-content\/uploads\/Franki-logo-transparent.png","width":500,"height":500,"caption":"Frank Events"},"image":{"@id":"https:\/\/frankevents.ee\/en\/#\/schema\/logo\/image\/"},"sameAs":["https:\/\/www.facebook.com\/frankevents.ee","https:\/\/www.linkedin.com\/company\/frank-events\/","https:\/\/www.instagram.com\/frankevents"]}]}},"_links":{"self":[{"href":"https:\/\/frankevents.ee\/en\/wp-json\/wp\/v2\/pages\/9251","targetHints":{"allow":["GET"]}}],"collection":[{"href":"https:\/\/frankevents.ee\/en\/wp-json\/wp\/v2\/pages"}],"about":[{"href":"https:\/\/frankevents.ee\/en\/wp-json\/wp\/v2\/types\/page"}],"author":[{"embeddable":true,"href":"https:\/\/frankevents.ee\/en\/wp-json\/wp\/v2\/users\/1"}],"replies":[{"embeddable":true,"href":"https:\/\/frankevents.ee\/en\/wp-json\/wp\/v2\/comments?post=9251"}],"version-history":[{"count":10,"href":"https:\/\/frankevents.ee\/en\/wp-json\/wp\/v2\/pages\/9251\/revisions"}],"predecessor-version":[{"id":21054,"href":"https:\/\/frankevents.ee\/en\/wp-json\/wp\/v2\/pages\/9251\/revisions\/21054"}],"wp:featuredmedia":[{"embeddable":true,"href":"https:\/\/frankevents.ee\/en\/wp-json\/wp\/v2\/media\/18149"}],"wp:attachment":[{"href":"https:\/\/frankevents.ee\/en\/wp-json\/wp\/v2\/media?parent=9251"}],"curies":[{"name":"wp","href":"https:\/\/api.w.org\/{rel}","templated":true}]}}